{"id":275,"date":"2022-06-14T22:45:10","date_gmt":"2022-06-14T20:45:10","guid":{"rendered":"https:\/\/storiesbytoni.com\/?page_id=275"},"modified":"2025-12-04T13:29:48","modified_gmt":"2025-12-04T11:29:48","slug":"impressum","status":"publish","type":"page","link":"https:\/\/storiesbytoni.com\/de\/impressum\/","title":{"rendered":"Impressum"},"content":{"rendered":"<div data-elementor-type=\"wp-page\" data-elementor-id=\"275\" class=\"elementor elementor-275\" data-elementor-post-type=\"page\">\n\t\t\t\t\t\t<section class=\"elementor-section elementor-top-section elementor-element elementor-element-32c7049 elementor-section-height-min-height elementor-section-stretched elementor-section-boxed elementor-section-height-default elementor-section-items-middle\" data-id=\"32c7049\" data-element_type=\"section\" data-e-type=\"section\" data-settings=\"{&quot;stretch_section&quot;:&quot;section-stretched&quot;,&quot;background_background&quot;:&quot;classic&quot;}\">\n\t\t\t\t\t\t<div class=\"elementor-container elementor-column-gap-default\">\n\t\t\t\t\t<div class=\"elementor-column elementor-col-100 elementor-top-column elementor-element elementor-element-f4347e8\" data-id=\"f4347e8\" data-element_type=\"column\" data-e-type=\"column\">\n\t\t\t<div class=\"elementor-widget-wrap\">\n\t\t\t\t\t\t\t<\/div>\n\t\t<\/div>\n\t\t\t\t\t<\/div>\n\t\t<\/section>\n\t\t\t\t<section class=\"elementor-section elementor-top-section elementor-element elementor-element-6ea1c43 elementor-section-stretched elementor-section-content-middle elementor-section-boxed elementor-section-height-default elementor-section-height-default\" data-id=\"6ea1c43\" data-element_type=\"section\" data-e-type=\"section\" data-settings=\"{&quot;stretch_section&quot;:&quot;section-stretched&quot;,&quot;background_background&quot;:&quot;classic&quot;}\">\n\t\t\t\t\t\t<div class=\"elementor-container elementor-column-gap-default\">\n\t\t\t\t\t<div class=\"elementor-column elementor-col-50 elementor-top-column elementor-element elementor-element-4056b52\" data-id=\"4056b52\" data-element_type=\"column\" data-e-type=\"column\" data-settings=\"{&quot;background_background&quot;:&quot;classic&quot;}\">\n\t\t\t<div class=\"elementor-widget-wrap elementor-element-populated\">\n\t\t\t\t\t\t<div class=\"elementor-element elementor-element-2d81700 elementor-widget elementor-widget-spacer\" data-id=\"2d81700\" data-element_type=\"widget\" data-e-type=\"widget\" data-widget_type=\"spacer.default\">\n\t\t\t\t<div class=\"elementor-widget-container\">\n\t\t\t\t\t\t\t<div class=\"elementor-spacer\">\n\t\t\t<div class=\"elementor-spacer-inner\"><\/div>\n\t\t<\/div>\n\t\t\t\t\t\t<\/div>\n\t\t\t\t<\/div>\n\t\t\t\t\t<\/div>\n\t\t<\/div>\n\t\t\t\t<div class=\"elementor-column elementor-col-50 elementor-top-column elementor-element elementor-element-06c3948\" data-id=\"06c3948\" data-element_type=\"column\" data-e-type=\"column\">\n\t\t\t<div class=\"elementor-widget-wrap elementor-element-populated\">\n\t\t\t\t\t\t<div class=\"elementor-element elementor-element-6222c46 elementor-widget elementor-widget-heading\" data-id=\"6222c46\" data-element_type=\"widget\" data-e-type=\"widget\" data-widget_type=\"heading.default\">\n\t\t\t\t<div class=\"elementor-widget-container\">\n\t\t\t\t\t<h2 class=\"elementor-heading-title elementor-size-default\">Impressum<\/h2>\t\t\t\t<\/div>\n\t\t\t\t<\/div>\n\t\t\t\t<div class=\"elementor-element elementor-element-34180c0 elementor-widget elementor-widget-text-editor\" data-id=\"34180c0\" data-element_type=\"widget\" data-e-type=\"widget\" data-widget_type=\"text-editor.default\">\n\t\t\t\t<div class=\"elementor-widget-container\">\n\t\t\t\t\t\t\t\t\t<p>Offenlegung gem\u00e4\u00df \u00a7 5 TMG<br \/>Antonia Lang Photography<\/p><p>KONTAKT<br \/>Telefon: <strong><a href=\"tel:+49 151 547 947 49\">+49 151 547 947 49<\/a><\/strong><br \/>E-Mail: <strong><a href=\"mailto:toni@storiesbytoni.com\">toni@storiesbytoni.com<\/a><\/strong><\/p><p>Umsatzsteuer-Identifikationsnummer<br \/>DE322142953<\/p><p>Angaben nach \u00a7 36 VSBG<br \/>Der Betreiber dieser Website erkl\u00e4rt gem\u00e4\u00df \u00a7 36 VSBG (Verbraucherstreitbeilegungsgesetz \u2013 Gesetz \u00fcber die alternative Streitbeilegung in Verbrauchersachen): Wir sind bereit, an Streitbeilegungsverfahren bei einer Verbraucherschlichtungsstelle teilzunehmen.<\/p>\t\t\t\t\t\t\t\t<\/div>\n\t\t\t\t<\/div>\n\t\t\t\t\t<\/div>\n\t\t<\/div>\n\t\t\t\t\t<\/div>\n\t\t<\/section>\n\t\t\t\t<\/div>","protected":false},"excerpt":{"rendered":"<p>Imprint DISCLOSURE ACCORDING TO \u00a7 5 TMGAntonia Lang Photography CONTACTPhone: +49 151 547 947 49Email: toni@storiesbytoni.com VAT IDENTIFICATION NUMBERDE322142953 INFORMATION ACCORDING TO \u00a7 36 VSBGAccording to \u00a7 36 VSBG (Consumer Dispute Settlement Act &#8211; law on alternative dispute resolution in consumer matters), the operator of this website declares: We are willing to participate in dispute [&hellip;]<\/p>\n","protected":false},"author":1,"featured_media":0,"parent":0,"menu_order":0,"comment_status":"closed","ping_status":"closed","template":"elementor_header_footer","meta":{"_acf_changed":false,"footnotes":""},"class_list":["post-275","page","type-page","status-publish","hentry"],"acf":[],"yoast_head":"<!-- This site is optimized with the Yoast SEO plugin v27.5 - https:\/\/yoast.com\/product\/yoast-seo-wordpress\/ -->\n<title>Imprint - Stories by Toni<\/title>\n<meta name=\"robots\" content=\"noindex, follow\" \/>\n<meta property=\"og:locale\" content=\"de_DE\" \/>\n<meta property=\"og:type\" content=\"article\" \/>\n<meta property=\"og:title\" content=\"Imprint - Stories by Toni\" \/>\n<meta property=\"og:description\" content=\"Imprint DISCLOSURE ACCORDING TO \u00a7 5 TMGAntonia Lang Photography CONTACTPhone: +49 151 547 947 49Email: toni@storiesbytoni.com VAT IDENTIFICATION NUMBERDE322142953 INFORMATION ACCORDING TO \u00a7 36 VSBGAccording to \u00a7 36 VSBG (Consumer Dispute Settlement Act &#8211; law on alternative dispute resolution in consumer matters), the operator of this website declares: We are willing to participate in dispute [&hellip;]\" \/>\n<meta property=\"og:url\" content=\"https:\/\/storiesbytoni.com\/de\/impressum\/\" \/>\n<meta property=\"og:site_name\" content=\"Stories by Toni\" \/>\n<meta property=\"article:modified_time\" content=\"2025-12-04T11:29:48+00:00\" \/>\n<meta name=\"twitter:card\" content=\"summary_large_image\" \/>\n<meta name=\"twitter:label1\" content=\"Gesch\u00e4tzte Lesezeit\" \/>\n\t<meta name=\"twitter:data1\" content=\"1\u00a0Minute\" \/>\n<script type=\"application\/ld+json\" class=\"yoast-schema-graph\">{\"@context\":\"https:\\\/\\\/schema.org\",\"@graph\":[{\"@type\":\"WebPage\",\"@id\":\"https:\\\/\\\/storiesbytoni.com\\\/imprint\\\/\",\"url\":\"https:\\\/\\\/storiesbytoni.com\\\/imprint\\\/\",\"name\":\"Imprint - Stories by Toni\",\"isPartOf\":{\"@id\":\"https:\\\/\\\/storiesbytoni.com\\\/#website\"},\"datePublished\":\"2022-06-14T20:45:10+00:00\",\"dateModified\":\"2025-12-04T11:29:48+00:00\",\"breadcrumb\":{\"@id\":\"https:\\\/\\\/storiesbytoni.com\\\/imprint\\\/#breadcrumb\"},\"inLanguage\":\"de\",\"potentialAction\":[{\"@type\":\"ReadAction\",\"target\":[\"https:\\\/\\\/storiesbytoni.com\\\/imprint\\\/\"]}]},{\"@type\":\"BreadcrumbList\",\"@id\":\"https:\\\/\\\/storiesbytoni.com\\\/imprint\\\/#breadcrumb\",\"itemListElement\":[{\"@type\":\"ListItem\",\"position\":1,\"name\":\"Home\",\"item\":\"https:\\\/\\\/storiesbytoni.com\\\/\"},{\"@type\":\"ListItem\",\"position\":2,\"name\":\"Imprint\"}]},{\"@type\":\"WebSite\",\"@id\":\"https:\\\/\\\/storiesbytoni.com\\\/#website\",\"url\":\"https:\\\/\\\/storiesbytoni.com\\\/\",\"name\":\"Stories by Toni\",\"description\":\"Aesthetic Wedding Stories\",\"publisher\":{\"@id\":\"https:\\\/\\\/storiesbytoni.com\\\/#organization\"},\"potentialAction\":[{\"@type\":\"SearchAction\",\"target\":{\"@type\":\"EntryPoint\",\"urlTemplate\":\"https:\\\/\\\/storiesbytoni.com\\\/?s={search_term_string}\"},\"query-input\":{\"@type\":\"PropertyValueSpecification\",\"valueRequired\":true,\"valueName\":\"search_term_string\"}}],\"inLanguage\":\"de\"},{\"@type\":\"Organization\",\"@id\":\"https:\\\/\\\/storiesbytoni.com\\\/#organization\",\"name\":\"Stories by Toni\",\"url\":\"https:\\\/\\\/storiesbytoni.com\\\/\",\"logo\":{\"@type\":\"ImageObject\",\"inLanguage\":\"de\",\"@id\":\"https:\\\/\\\/storiesbytoni.com\\\/#\\\/schema\\\/logo\\\/image\\\/\",\"url\":\"https:\\\/\\\/storiesbytoni.com\\\/wp-content\\\/uploads\\\/2022\\\/06\\\/600px-Logo-Stories-by-Toni-black.png\",\"contentUrl\":\"https:\\\/\\\/storiesbytoni.com\\\/wp-content\\\/uploads\\\/2022\\\/06\\\/600px-Logo-Stories-by-Toni-black.png\",\"width\":600,\"height\":78,\"caption\":\"Stories by Toni\"},\"image\":{\"@id\":\"https:\\\/\\\/storiesbytoni.com\\\/#\\\/schema\\\/logo\\\/image\\\/\"}}]}<\/script>\n<!-- \/ Yoast SEO plugin. -->","yoast_head_json":{"title":"Impressum - Geschichten von Toni","robots":{"index":"noindex","follow":"follow"},"og_locale":"de_DE","og_type":"article","og_title":"Imprint - Stories by Toni","og_description":"Imprint DISCLOSURE ACCORDING TO \u00a7 5 TMGAntonia Lang Photography CONTACTPhone: +49 151 547 947 49Email: toni@storiesbytoni.com VAT IDENTIFICATION NUMBERDE322142953 INFORMATION ACCORDING TO \u00a7 36 VSBGAccording to \u00a7 36 VSBG (Consumer Dispute Settlement Act &#8211; law on alternative dispute resolution in consumer matters), the operator of this website declares: We are willing to participate in dispute [&hellip;]","og_url":"https:\/\/storiesbytoni.com\/de\/impressum\/","og_site_name":"Stories by Toni","article_modified_time":"2025-12-04T11:29:48+00:00","twitter_card":"summary_large_image","twitter_misc":{"Gesch\u00e4tzte Lesezeit":"1\u00a0Minute"},"schema":{"@context":"https:\/\/schema.org","@graph":[{"@type":"WebPage","@id":"https:\/\/storiesbytoni.com\/imprint\/","url":"https:\/\/storiesbytoni.com\/imprint\/","name":"Impressum - Geschichten von Toni","isPartOf":{"@id":"https:\/\/storiesbytoni.com\/#website"},"datePublished":"2022-06-14T20:45:10+00:00","dateModified":"2025-12-04T11:29:48+00:00","breadcrumb":{"@id":"https:\/\/storiesbytoni.com\/imprint\/#breadcrumb"},"inLanguage":"de","potentialAction":[{"@type":"ReadAction","target":["https:\/\/storiesbytoni.com\/imprint\/"]}]},{"@type":"BreadcrumbList","@id":"https:\/\/storiesbytoni.com\/imprint\/#breadcrumb","itemListElement":[{"@type":"ListItem","position":1,"name":"Home","item":"https:\/\/storiesbytoni.com\/"},{"@type":"ListItem","position":2,"name":"Imprint"}]},{"@type":"WebSite","@id":"https:\/\/storiesbytoni.com\/#website","url":"https:\/\/storiesbytoni.com\/","name":"Stories by Toni","description":"\u00c4sthetische Hochzeitsgeschichten","publisher":{"@id":"https:\/\/storiesbytoni.com\/#organization"},"potentialAction":[{"@type":"SearchAction","target":{"@type":"EntryPoint","urlTemplate":"https:\/\/storiesbytoni.com\/?s={search_term_string}"},"query-input":{"@type":"PropertyValueSpecification","valueRequired":true,"valueName":"search_term_string"}}],"inLanguage":"de"},{"@type":"Organization","@id":"https:\/\/storiesbytoni.com\/#organization","name":"Stories by Toni","url":"https:\/\/storiesbytoni.com\/","logo":{"@type":"ImageObject","inLanguage":"de","@id":"https:\/\/storiesbytoni.com\/#\/schema\/logo\/image\/","url":"https:\/\/storiesbytoni.com\/wp-content\/uploads\/2022\/06\/600px-Logo-Stories-by-Toni-black.png","contentUrl":"https:\/\/storiesbytoni.com\/wp-content\/uploads\/2022\/06\/600px-Logo-Stories-by-Toni-black.png","width":600,"height":78,"caption":"Stories by Toni"},"image":{"@id":"https:\/\/storiesbytoni.com\/#\/schema\/logo\/image\/"}}]}},"_links":{"self":[{"href":"https:\/\/storiesbytoni.com\/de\/wp-json\/wp\/v2\/pages\/275","targetHints":{"allow":["GET"]}}],"collection":[{"href":"https:\/\/storiesbytoni.com\/de\/wp-json\/wp\/v2\/pages"}],"about":[{"href":"https:\/\/storiesbytoni.com\/de\/wp-json\/wp\/v2\/types\/page"}],"author":[{"embeddable":true,"href":"https:\/\/storiesbytoni.com\/de\/wp-json\/wp\/v2\/users\/1"}],"replies":[{"embeddable":true,"href":"https:\/\/storiesbytoni.com\/de\/wp-json\/wp\/v2\/comments?post=275"}],"version-history":[{"count":0,"href":"https:\/\/storiesbytoni.com\/de\/wp-json\/wp\/v2\/pages\/275\/revisions"}],"wp:attachment":[{"href":"https:\/\/storiesbytoni.com\/de\/wp-json\/wp\/v2\/media?parent=275"}],"curies":[{"name":"wp","href":"https:\/\/api.w.org\/{rel}","templated":true}]}}