{"id":62,"date":"2022-06-06T16:02:41","date_gmt":"2022-06-06T14:02:41","guid":{"rendered":"https:\/\/storiesbytoni.com\/?page_id=62"},"modified":"2026-02-04T13:39:31","modified_gmt":"2026-02-04T11:39:31","slug":"kontakt","status":"publish","type":"page","link":"https:\/\/storiesbytoni.com\/de\/kontakt\/","title":{"rendered":"Kontakt"},"content":{"rendered":"\t\t<div data-elementor-type=\"wp-page\" data-elementor-id=\"62\" class=\"elementor elementor-62\" data-elementor-post-type=\"page\">\n\t\t\t\t\t\t<section class=\"elementor-section elementor-top-section elementor-element elementor-element-26f8452d elementor-section-height-min-height elementor-section-stretched elementor-section-boxed elementor-section-height-default elementor-section-items-middle\" data-id=\"26f8452d\" data-element_type=\"section\" data-e-type=\"section\" data-settings=\"{&quot;stretch_section&quot;:&quot;section-stretched&quot;,&quot;background_background&quot;:&quot;classic&quot;}\">\n\t\t\t\t\t\t<div class=\"elementor-container elementor-column-gap-default\">\n\t\t\t\t\t<div class=\"elementor-column elementor-col-50 elementor-top-column elementor-element elementor-element-764e700d\" data-id=\"764e700d\" data-element_type=\"column\" data-e-type=\"column\">\n\t\t\t<div class=\"elementor-widget-wrap elementor-element-populated\">\n\t\t\t\t\t\t<div class=\"elementor-element elementor-element-691aece8 elementor-widget elementor-widget-heading\" data-id=\"691aece8\" data-element_type=\"widget\" data-e-type=\"widget\" data-widget_type=\"heading.default\">\n\t\t\t\t<div class=\"elementor-widget-container\">\n\t\t\t\t\t<p class=\"elementor-heading-title elementor-size-default\">Contact<\/p>\t\t\t\t<\/div>\n\t\t\t\t<\/div>\n\t\t\t\t<div class=\"elementor-element elementor-element-3b383ef6 elementor-widget elementor-widget-heading\" data-id=\"3b383ef6\" data-element_type=\"widget\" data-e-type=\"widget\" data-widget_type=\"heading.default\">\n\t\t\t\t<div class=\"elementor-widget-container\">\n\t\t\t\t\t<h2 class=\"elementor-heading-title elementor-size-default\">Let's meet!<\/h2>\t\t\t\t<\/div>\n\t\t\t\t<\/div>\n\t\t\t\t<div class=\"elementor-element elementor-element-6e5ef4ac elementor-widget elementor-widget-text-editor\" data-id=\"6e5ef4ac\" data-element_type=\"widget\" data-e-type=\"widget\" data-widget_type=\"text-editor.default\">\n\t\t\t\t<div class=\"elementor-widget-container\">\n\t\t\t\t\t\t\t\t\tIt&#8217;s time for <i>you<\/i> to share <i>your<\/i> story \u2013 how you met, what leads you to me, and your vision for the day. The more I get to know you, the better I can capture your connection, your energy, and everything that matters to you.\t\t\t\t\t\t\t\t<\/div>\n\t\t\t\t<\/div>\n\t\t\t\t\t<\/div>\n\t\t<\/div>\n\t\t\t\t<div class=\"elementor-column elementor-col-50 elementor-top-column elementor-element elementor-element-37a3387f\" data-id=\"37a3387f\" data-element_type=\"column\" data-e-type=\"column\">\n\t\t\t<div class=\"elementor-widget-wrap elementor-element-populated\">\n\t\t\t\t\t\t<div class=\"elementor-element elementor-element-c9da739 elementor-widget elementor-widget-image\" data-id=\"c9da739\" data-element_type=\"widget\" data-e-type=\"widget\" data-widget_type=\"image.default\">\n\t\t\t\t<div class=\"elementor-widget-container\">\n\t\t\t\t\t\t\t\t\t\t\t\t\t\t\t<img fetchpriority=\"high\" decoding=\"async\" width=\"1000\" height=\"1000\" src=\"https:\/\/storiesbytoni.com\/wp-content\/uploads\/2025\/12\/DSC00321-1.jpg\" class=\"attachment-large size-large wp-image-7167\" alt=\"\" srcset=\"https:\/\/storiesbytoni.com\/wp-content\/uploads\/2025\/12\/DSC00321-1.jpg 1000w, https:\/\/storiesbytoni.com\/wp-content\/uploads\/2025\/12\/DSC00321-1-300x300.jpg 300w, https:\/\/storiesbytoni.com\/wp-content\/uploads\/2025\/12\/DSC00321-1-150x150.jpg 150w, https:\/\/storiesbytoni.com\/wp-content\/uploads\/2025\/12\/DSC00321-1-768x768.jpg 768w, https:\/\/storiesbytoni.com\/wp-content\/uploads\/2025\/12\/DSC00321-1-12x12.jpg 12w, https:\/\/storiesbytoni.com\/wp-content\/uploads\/2025\/12\/DSC00321-1-500x500.jpg 500w\" sizes=\"(max-width: 1000px) 100vw, 1000px\" \/>\t\t\t\t\t\t\t\t\t\t\t\t\t\t\t<\/div>\n\t\t\t\t<\/div>\n\t\t\t\t\t<\/div>\n\t\t<\/div>\n\t\t\t\t\t<\/div>\n\t\t<\/section>\n\t\t\t\t<section class=\"elementor-section elementor-top-section elementor-element elementor-element-35ed84e2 elementor-section-stretched elementor-section-boxed elementor-section-height-default elementor-section-height-default\" data-id=\"35ed84e2\" data-element_type=\"section\" data-e-type=\"section\" data-settings=\"{&quot;stretch_section&quot;:&quot;section-stretched&quot;,&quot;background_background&quot;:&quot;classic&quot;}\">\n\t\t\t\t\t\t<div class=\"elementor-container elementor-column-gap-default\">\n\t\t\t\t\t<div class=\"elementor-column elementor-col-100 elementor-top-column elementor-element elementor-element-6e0d9fdc\" data-id=\"6e0d9fdc\" data-element_type=\"column\" data-e-type=\"column\">\n\t\t\t<div class=\"elementor-widget-wrap elementor-element-populated\">\n\t\t\t\t\t\t<div class=\"elementor-element elementor-element-7ae138be elementor-widget elementor-widget-heading\" data-id=\"7ae138be\" data-element_type=\"widget\" data-e-type=\"widget\" data-widget_type=\"heading.default\">\n\t\t\t\t<div class=\"elementor-widget-container\">\n\t\t\t\t\t<h2 class=\"elementor-heading-title elementor-size-default\">Say hello!<\/h2>\t\t\t\t<\/div>\n\t\t\t\t<\/div>\n\t\t\t\t<div class=\"elementor-element elementor-element-457dd61 elementor-widget elementor-widget-text-editor\" data-id=\"457dd61\" data-element_type=\"widget\" data-e-type=\"widget\" data-widget_type=\"text-editor.default\">\n\t\t\t\t<div class=\"elementor-widget-container\">\n\t\t\t\t\t\t\t\t\t<p>Feel free to answer the questions in English or German, my native language.<\/p>\t\t\t\t\t\t\t\t<\/div>\n\t\t\t\t<\/div>\n\t\t\t\t<div class=\"elementor-element elementor-element-4c7bed2b elementor-button-align-center elementor-widget elementor-widget-form\" data-id=\"4c7bed2b\" data-element_type=\"widget\" data-e-type=\"widget\" data-settings=\"{&quot;step_next_label&quot;:&quot;Next&quot;,&quot;step_previous_label&quot;:&quot;Previous&quot;,&quot;button_width&quot;:&quot;100&quot;,&quot;step_type&quot;:&quot;number_text&quot;,&quot;step_icon_shape&quot;:&quot;circle&quot;}\" data-widget_type=\"form.default\">\n\t\t\t\t<div class=\"elementor-widget-container\">\n\t\t\t\t\t\t\t<form class=\"elementor-form\" method=\"post\" name=\"Contact Form\" aria-label=\"Contact Form\">\n\t\t\t<input type=\"hidden\" name=\"post_id\" value=\"62\"\/>\n\t\t\t<input type=\"hidden\" name=\"form_id\" value=\"4c7bed2b\"\/>\n\t\t\t<input type=\"hidden\" name=\"referer_title\" value=\"Contact - Stories by Toni\" \/>\n\n\t\t\t\t\t\t\t<input type=\"hidden\" name=\"queried_id\" value=\"62\"\/>\n\t\t\t\n\t\t\t<div class=\"elementor-form-fields-wrapper elementor-labels-\">\n\t\t\t\t\t\t\t\t<div class=\"elementor-field-type-text elementor-field-group elementor-column elementor-field-group-name elementor-col-50 elementor-field-required\">\n\t\t\t\t\t\t\t\t\t\t\t\t<label for=\"form-field-name\" class=\"elementor-field-label elementor-screen-only\">\n\t\t\t\t\t\t\t\tYOUR NAMES\t\t\t\t\t\t\t<\/label>\n\t\t\t\t\t\t\t\t\t\t\t\t\t\t<input size=\"1\" type=\"text\" name=\"form_fields[name]\" id=\"form-field-name\" class=\"elementor-field elementor-size-sm  elementor-field-textual\" placeholder=\"YOUR NAMES\" required=\"required\">\n\t\t\t\t\t\t\t\t\t\t\t<\/div>\n\t\t\t\t\t\t\t\t<div class=\"elementor-field-type-email elementor-field-group elementor-column elementor-field-group-email elementor-col-50 elementor-field-required\">\n\t\t\t\t\t\t\t\t\t\t\t\t<label for=\"form-field-email\" class=\"elementor-field-label elementor-screen-only\">\n\t\t\t\t\t\t\t\tEMAIL\t\t\t\t\t\t\t<\/label>\n\t\t\t\t\t\t\t\t\t\t\t\t\t\t<input size=\"1\" type=\"email\" name=\"form_fields[email]\" id=\"form-field-email\" class=\"elementor-field elementor-size-sm  elementor-field-textual\" placeholder=\"EMAIL (PLEASE CHECK FOR TYPOS)\" required=\"required\">\n\t\t\t\t\t\t\t\t\t\t\t<\/div>\n\t\t\t\t\t\t\t\t<div class=\"elementor-field-type-tel elementor-field-group elementor-column elementor-field-group-field_c0bbd7b elementor-col-50 elementor-field-required\">\n\t\t\t\t\t\t\t\t\t\t\t\t<label for=\"form-field-field_c0bbd7b\" class=\"elementor-field-label elementor-screen-only\">\n\t\t\t\t\t\t\t\tPHONE\t\t\t\t\t\t\t<\/label>\n\t\t\t\t\t\t\t\t<input size=\"1\" type=\"tel\" name=\"form_fields[field_c0bbd7b]\" id=\"form-field-field_c0bbd7b\" class=\"elementor-field elementor-size-sm  elementor-field-textual\" placeholder=\"PHONE\" required=\"required\" pattern=\"[0-9()#&amp;+*-=.]+\" title=\"Only numbers and phone characters (#, -, *, etc) are accepted.\">\n\n\t\t\t\t\t\t<\/div>\n\t\t\t\t\t\t\t\t<div class=\"elementor-field-type-text elementor-field-group elementor-column elementor-field-group-field_70e02b4 elementor-col-50 elementor-field-required\">\n\t\t\t\t\t\t\t\t\t\t\t\t<label for=\"form-field-field_70e02b4\" class=\"elementor-field-label elementor-screen-only\">\n\t\t\t\t\t\t\t\tWEDDING DATE\t\t\t\t\t\t\t<\/label>\n\t\t\t\t\t\t\t\t\t\t\t\t\t\t<input size=\"1\" type=\"text\" name=\"form_fields[field_70e02b4]\" id=\"form-field-field_70e02b4\" class=\"elementor-field elementor-size-sm  elementor-field-textual\" placeholder=\"WEDDING DATE (DD-MM-YYYY)\" required=\"required\">\n\t\t\t\t\t\t\t\t\t\t\t<\/div>\n\t\t\t\t\t\t\t\t<div class=\"elementor-field-type-text elementor-field-group elementor-column elementor-field-group-field_1644851 elementor-col-50 elementor-field-required\">\n\t\t\t\t\t\t\t\t\t\t\t\t<label for=\"form-field-field_1644851\" class=\"elementor-field-label elementor-screen-only\">\n\t\t\t\t\t\t\t\tWEDDING LOCATION\t\t\t\t\t\t\t<\/label>\n\t\t\t\t\t\t\t\t\t\t\t\t\t\t<input size=\"1\" type=\"text\" name=\"form_fields[field_1644851]\" id=\"form-field-field_1644851\" class=\"elementor-field elementor-size-sm  elementor-field-textual\" placeholder=\"WEDDING LOCATION\" required=\"required\">\n\t\t\t\t\t\t\t\t\t\t\t<\/div>\n\t\t\t\t\t\t\t\t<div class=\"elementor-field-type-select elementor-field-group elementor-column elementor-field-group-field_0830f23 elementor-col-50 elementor-field-required\">\n\t\t\t\t\t\t\t\t\t\t\t\t<label for=\"form-field-field_0830f23\" class=\"elementor-field-label elementor-screen-only\">\n\t\t\t\t\t\t\t\tWEDDING TYPE\t\t\t\t\t\t\t<\/label>\n\t\t\t\t\t\t\t\t<div class=\"elementor-field elementor-select-wrapper remove-before \">\n\t\t\t<div class=\"select-caret-down-wrapper\">\n\t\t\t\t<i aria-hidden=\"true\" class=\"eicon-caret-down\"><\/i>\t\t\t<\/div>\n\t\t\t<select name=\"form_fields[field_0830f23]\" id=\"form-field-field_0830f23\" class=\"elementor-field-textual elementor-size-sm\" required=\"required\">\n\t\t\t\t\t\t\t\t\t<option value=\"FULL DAY OR WEEKEND (IN GERMANY)\">FULL DAY OR WEEKEND (IN GERMANY)<\/option>\n\t\t\t\t\t\t\t\t\t<option value=\"FULL DAY OR WEEKEND (OTHER COUNTRY)\">FULL DAY OR WEEKEND (OTHER COUNTRY)<\/option>\n\t\t\t\t\t\t\t\t\t<option value=\"HALF DAY (CIVIL WEDDING \/ PARTY)\">HALF DAY (CIVIL WEDDING \/ PARTY)<\/option>\n\t\t\t\t\t\t\t\t\t<option value=\"OTHER\">OTHER<\/option>\n\t\t\t\t\t\t\t<\/select>\n\t\t<\/div>\n\t\t\t\t\t\t<\/div>\n\t\t\t\t\t\t\t\t<div class=\"elementor-field-type-text elementor-field-group elementor-column elementor-field-group-field_79c458c elementor-col-50\">\n\t\t\t\t\t\t\t\t\t\t\t\t<label for=\"form-field-field_79c458c\" class=\"elementor-field-label elementor-screen-only\">\n\t\t\t\t\t\t\t\tINSTAGRAM ACCOUNTS\t\t\t\t\t\t\t<\/label>\n\t\t\t\t\t\t\t\t\t\t\t\t\t\t<input size=\"1\" type=\"text\" name=\"form_fields[field_79c458c]\" id=\"form-field-field_79c458c\" class=\"elementor-field elementor-size-sm  elementor-field-textual\" placeholder=\"INSTAGRAM ACCOUNTS\">\n\t\t\t\t\t\t\t\t\t\t\t<\/div>\n\t\t\t\t\t\t\t\t<div class=\"elementor-field-type-text elementor-field-group elementor-column elementor-field-group-field_54f1d29 elementor-col-50 elementor-field-required\">\n\t\t\t\t\t\t\t\t\t\t\t\t<label for=\"form-field-field_54f1d29\" class=\"elementor-field-label elementor-screen-only\">\n\t\t\t\t\t\t\t\tYOUR WEDDING VIBES IN THREE WORDS\t\t\t\t\t\t\t<\/label>\n\t\t\t\t\t\t\t\t\t\t\t\t\t\t<input size=\"1\" type=\"text\" name=\"form_fields[field_54f1d29]\" id=\"form-field-field_54f1d29\" class=\"elementor-field elementor-size-sm  elementor-field-textual\" placeholder=\"YOUR WEDDING VIBES IN THREE WORDS\" required=\"required\">\n\t\t\t\t\t\t\t\t\t\t\t<\/div>\n\t\t\t\t\t\t\t\t<div class=\"elementor-field-type-textarea elementor-field-group elementor-column elementor-field-group-message2 elementor-col-50\">\n\t\t\t\t\t\t\t\t\t\t\t\t<label for=\"form-field-message2\" class=\"elementor-field-label elementor-screen-only\">\n\t\t\t\t\t\t\t\tABOUT YOU\t\t\t\t\t\t\t<\/label>\n\t\t\t\t\t\t<textarea class=\"elementor-field-textual elementor-field  elementor-size-sm\" name=\"form_fields[message2]\" id=\"form-field-message2\" rows=\"4\" placeholder=\"TELL ME ABOUT YOU TWO! I&#039;D LOVE TO HEAR HOW YOU MET, SOME RANDOM FACTS ABOUT YOU, AND HOW YOU IMAGINE YOUR WEDDING.\"><\/textarea>\t\t\t\t<\/div>\n\t\t\t\t\t\t\t\t<div class=\"elementor-field-type-textarea elementor-field-group elementor-column elementor-field-group-message1 elementor-col-50\">\n\t\t\t\t\t\t\t\t\t\t\t\t<label for=\"form-field-message1\" class=\"elementor-field-label elementor-screen-only\">\n\t\t\t\t\t\t\t\tWHY STORIES BY TONI?\t\t\t\t\t\t\t<\/label>\n\t\t\t\t\t\t<textarea class=\"elementor-field-textual elementor-field  elementor-size-sm\" name=\"form_fields[message1]\" id=\"form-field-message1\" rows=\"4\" placeholder=\"WHY DO YOU THINK I COULD BE THE RIGHT PHOTOGRAPHER FOR YOU?\"><\/textarea>\t\t\t\t<\/div>\n\t\t\t\t\t\t\t\t<div class=\"elementor-field-type-acceptance elementor-field-group elementor-column elementor-field-group-field_d4ae759 elementor-col-100 elementor-field-required\">\n\t\t\t\t\t\t\t\t\t\t\t\t<label for=\"form-field-field_d4ae759\" class=\"elementor-field-label elementor-screen-only\">\n\t\t\t\t\t\t\t\tData Privacy\t\t\t\t\t\t\t<\/label>\n\t\t\t\t\t\t\t\t<div class=\"elementor-field-subgroup\">\n\t\t\t<span class=\"elementor-field-option\">\n\t\t\t\t<input type=\"checkbox\" name=\"form_fields[field_d4ae759]\" id=\"form-field-field_d4ae759\" class=\"elementor-field elementor-size-sm  elementor-acceptance-field\" required=\"required\">\n\t\t\t\t<label for=\"form-field-field_d4ae759\">I hereby consent to the processing of the personal data I have provided and declare my agreement with the <a href=\"https:\/\/storiesbytoni.com\/privacy-policy\/\">data privacy statement<\/a>.<\/label>\t\t\t<\/span>\n\t\t<\/div>\n\t\t\t\t\t\t<\/div>\n\t\t\t\t\t\t\t\t<div class=\"elementor-field-group elementor-column elementor-field-type-submit elementor-col-100 e-form__buttons\">\n\t\t\t\t\t<button class=\"elementor-button elementor-size-sm\" type=\"submit\">\n\t\t\t\t\t\t<span class=\"elementor-button-content-wrapper\">\n\t\t\t\t\t\t\t\t\t\t\t\t\t\t\t\t\t\t\t\t\t\t<span class=\"elementor-button-text\">SEND<\/span>\n\t\t\t\t\t\t\t\t\t\t\t\t\t<\/span>\n\t\t\t\t\t<\/button>\n\t\t\t\t<\/div>\n\t\t\t<\/div>\n\t\t<\/form>\n\t\t\t\t\t\t<\/div>\n\t\t\t\t<\/div>\n\t\t\t\t\t<\/div>\n\t\t<\/div>\n\t\t\t\t\t<\/div>\n\t\t<\/section>\n\t\t\t\t<\/div>\n\t\t","protected":false},"excerpt":{"rendered":"<p>Contact Let&#8217;s meet! It&#8217;s time for you to share your story \u2013 how you met, what leads you to me, and your vision for the day. The more I get to know you, the better I can capture your connection, your energy, and everything that matters to you. Say hello! Feel free to answer the [&hellip;]<\/p>\n","protected":false},"author":1,"featured_media":0,"parent":0,"menu_order":0,"comment_status":"closed","ping_status":"closed","template":"elementor_header_footer","meta":{"_acf_changed":false,"footnotes":""},"class_list":["post-62","page","type-page","status-publish","hentry"],"acf":[],"yoast_head":"<!-- This site is optimized with the Yoast SEO plugin v27.5 - https:\/\/yoast.com\/product\/yoast-seo-wordpress\/ -->\n<title>Contact - Stories by Toni<\/title>\n<meta name=\"description\" content=\"Inquire your wedding date and tell me all about you and what you have planned for your big day!\" \/>\n<meta name=\"robots\" content=\"index, follow, max-snippet:-1, max-image-preview:large, max-video-preview:-1\" \/>\n<link rel=\"canonical\" href=\"https:\/\/storiesbytoni.com\/de\/kontakt\/\" \/>\n<meta property=\"og:locale\" content=\"de_DE\" \/>\n<meta property=\"og:type\" content=\"article\" \/>\n<meta property=\"og:title\" content=\"Contact - Stories by Toni\" \/>\n<meta property=\"og:description\" content=\"Inquire your wedding date and tell me all about you and what you have planned for your big day!\" \/>\n<meta property=\"og:url\" content=\"https:\/\/storiesbytoni.com\/de\/kontakt\/\" \/>\n<meta property=\"og:site_name\" content=\"Stories by Toni\" \/>\n<meta property=\"article:modified_time\" content=\"2026-02-04T11:39:31+00:00\" \/>\n<meta property=\"og:image\" content=\"https:\/\/storiesbytoni.com\/wp-content\/uploads\/2025\/12\/DSC00321-1.jpg\" \/>\n\t<meta property=\"og:image:width\" content=\"1000\" \/>\n\t<meta property=\"og:image:height\" content=\"1000\" \/>\n\t<meta property=\"og:image:type\" content=\"image\/jpeg\" \/>\n<meta name=\"twitter:card\" content=\"summary_large_image\" \/>\n<meta name=\"twitter:label1\" content=\"Gesch\u00e4tzte Lesezeit\" \/>\n\t<meta name=\"twitter:data1\" content=\"1\u00a0Minute\" \/>\n<script type=\"application\/ld+json\" class=\"yoast-schema-graph\">{\"@context\":\"https:\\\/\\\/schema.org\",\"@graph\":[{\"@type\":\"WebPage\",\"@id\":\"https:\\\/\\\/storiesbytoni.com\\\/contact\\\/\",\"url\":\"https:\\\/\\\/storiesbytoni.com\\\/contact\\\/\",\"name\":\"Contact - Stories by Toni\",\"isPartOf\":{\"@id\":\"https:\\\/\\\/storiesbytoni.com\\\/#website\"},\"primaryImageOfPage\":{\"@id\":\"https:\\\/\\\/storiesbytoni.com\\\/contact\\\/#primaryimage\"},\"image\":{\"@id\":\"https:\\\/\\\/storiesbytoni.com\\\/contact\\\/#primaryimage\"},\"thumbnailUrl\":\"https:\\\/\\\/storiesbytoni.com\\\/wp-content\\\/uploads\\\/2025\\\/12\\\/DSC00321-1.jpg\",\"datePublished\":\"2022-06-06T14:02:41+00:00\",\"dateModified\":\"2026-02-04T11:39:31+00:00\",\"description\":\"Inquire your wedding date and tell me all about you and what you have planned for your big day!\",\"breadcrumb\":{\"@id\":\"https:\\\/\\\/storiesbytoni.com\\\/contact\\\/#breadcrumb\"},\"inLanguage\":\"de\",\"potentialAction\":[{\"@type\":\"ReadAction\",\"target\":[\"https:\\\/\\\/storiesbytoni.com\\\/contact\\\/\"]}]},{\"@type\":\"ImageObject\",\"inLanguage\":\"de\",\"@id\":\"https:\\\/\\\/storiesbytoni.com\\\/contact\\\/#primaryimage\",\"url\":\"https:\\\/\\\/storiesbytoni.com\\\/wp-content\\\/uploads\\\/2025\\\/12\\\/DSC00321-1.jpg\",\"contentUrl\":\"https:\\\/\\\/storiesbytoni.com\\\/wp-content\\\/uploads\\\/2025\\\/12\\\/DSC00321-1.jpg\"},{\"@type\":\"BreadcrumbList\",\"@id\":\"https:\\\/\\\/storiesbytoni.com\\\/contact\\\/#breadcrumb\",\"itemListElement\":[{\"@type\":\"ListItem\",\"position\":1,\"name\":\"Home\",\"item\":\"https:\\\/\\\/storiesbytoni.com\\\/\"},{\"@type\":\"ListItem\",\"position\":2,\"name\":\"Contact\"}]},{\"@type\":\"WebSite\",\"@id\":\"https:\\\/\\\/storiesbytoni.com\\\/#website\",\"url\":\"https:\\\/\\\/storiesbytoni.com\\\/\",\"name\":\"Stories by Toni\",\"description\":\"Aesthetic Wedding Stories\",\"publisher\":{\"@id\":\"https:\\\/\\\/storiesbytoni.com\\\/#organization\"},\"potentialAction\":[{\"@type\":\"SearchAction\",\"target\":{\"@type\":\"EntryPoint\",\"urlTemplate\":\"https:\\\/\\\/storiesbytoni.com\\\/?s={search_term_string}\"},\"query-input\":{\"@type\":\"PropertyValueSpecification\",\"valueRequired\":true,\"valueName\":\"search_term_string\"}}],\"inLanguage\":\"de\"},{\"@type\":\"Organization\",\"@id\":\"https:\\\/\\\/storiesbytoni.com\\\/#organization\",\"name\":\"Stories by Toni\",\"url\":\"https:\\\/\\\/storiesbytoni.com\\\/\",\"logo\":{\"@type\":\"ImageObject\",\"inLanguage\":\"de\",\"@id\":\"https:\\\/\\\/storiesbytoni.com\\\/#\\\/schema\\\/logo\\\/image\\\/\",\"url\":\"https:\\\/\\\/storiesbytoni.com\\\/wp-content\\\/uploads\\\/2022\\\/06\\\/600px-Logo-Stories-by-Toni-black.png\",\"contentUrl\":\"https:\\\/\\\/storiesbytoni.com\\\/wp-content\\\/uploads\\\/2022\\\/06\\\/600px-Logo-Stories-by-Toni-black.png\",\"width\":600,\"height\":78,\"caption\":\"Stories by Toni\"},\"image\":{\"@id\":\"https:\\\/\\\/storiesbytoni.com\\\/#\\\/schema\\\/logo\\\/image\\\/\"}}]}<\/script>\n<!-- \/ Yoast SEO plugin. -->","yoast_head_json":{"title":"Kontakt - Stories by Toni","description":"Fragt euren Hochzeitstermin an und erz\u00e4hlt mir \u00fcber euch und was ihr f\u00fcr euren gro\u00dfen Tag geplant habt!","robots":{"index":"index","follow":"follow","max-snippet":"max-snippet:-1","max-image-preview":"max-image-preview:large","max-video-preview":"max-video-preview:-1"},"canonical":"https:\/\/storiesbytoni.com\/de\/kontakt\/","og_locale":"de_DE","og_type":"article","og_title":"Contact - Stories by Toni","og_description":"Inquire your wedding date and tell me all about you and what you have planned for your big day!","og_url":"https:\/\/storiesbytoni.com\/de\/kontakt\/","og_site_name":"Stories by Toni","article_modified_time":"2026-02-04T11:39:31+00:00","og_image":[{"width":1000,"height":1000,"url":"https:\/\/storiesbytoni.com\/wp-content\/uploads\/2025\/12\/DSC00321-1.jpg","type":"image\/jpeg"}],"twitter_card":"summary_large_image","twitter_misc":{"Gesch\u00e4tzte Lesezeit":"1\u00a0Minute"},"schema":{"@context":"https:\/\/schema.org","@graph":[{"@type":"WebPage","@id":"https:\/\/storiesbytoni.com\/contact\/","url":"https:\/\/storiesbytoni.com\/contact\/","name":"Kontakt - Stories by Toni","isPartOf":{"@id":"https:\/\/storiesbytoni.com\/#website"},"primaryImageOfPage":{"@id":"https:\/\/storiesbytoni.com\/contact\/#primaryimage"},"image":{"@id":"https:\/\/storiesbytoni.com\/contact\/#primaryimage"},"thumbnailUrl":"https:\/\/storiesbytoni.com\/wp-content\/uploads\/2025\/12\/DSC00321-1.jpg","datePublished":"2022-06-06T14:02:41+00:00","dateModified":"2026-02-04T11:39:31+00:00","description":"Fragt euren Hochzeitstermin an und erz\u00e4hlt mir \u00fcber euch und was ihr f\u00fcr euren gro\u00dfen Tag geplant habt!","breadcrumb":{"@id":"https:\/\/storiesbytoni.com\/contact\/#breadcrumb"},"inLanguage":"de","potentialAction":[{"@type":"ReadAction","target":["https:\/\/storiesbytoni.com\/contact\/"]}]},{"@type":"ImageObject","inLanguage":"de","@id":"https:\/\/storiesbytoni.com\/contact\/#primaryimage","url":"https:\/\/storiesbytoni.com\/wp-content\/uploads\/2025\/12\/DSC00321-1.jpg","contentUrl":"https:\/\/storiesbytoni.com\/wp-content\/uploads\/2025\/12\/DSC00321-1.jpg"},{"@type":"BreadcrumbList","@id":"https:\/\/storiesbytoni.com\/contact\/#breadcrumb","itemListElement":[{"@type":"ListItem","position":1,"name":"Home","item":"https:\/\/storiesbytoni.com\/"},{"@type":"ListItem","position":2,"name":"Contact"}]},{"@type":"WebSite","@id":"https:\/\/storiesbytoni.com\/#website","url":"https:\/\/storiesbytoni.com\/","name":"Stories by Toni","description":"\u00c4sthetische Hochzeitsgeschichten","publisher":{"@id":"https:\/\/storiesbytoni.com\/#organization"},"potentialAction":[{"@type":"SearchAction","target":{"@type":"EntryPoint","urlTemplate":"https:\/\/storiesbytoni.com\/?s={search_term_string}"},"query-input":{"@type":"PropertyValueSpecification","valueRequired":true,"valueName":"search_term_string"}}],"inLanguage":"de"},{"@type":"Organization","@id":"https:\/\/storiesbytoni.com\/#organization","name":"Stories by Toni","url":"https:\/\/storiesbytoni.com\/","logo":{"@type":"ImageObject","inLanguage":"de","@id":"https:\/\/storiesbytoni.com\/#\/schema\/logo\/image\/","url":"https:\/\/storiesbytoni.com\/wp-content\/uploads\/2022\/06\/600px-Logo-Stories-by-Toni-black.png","contentUrl":"https:\/\/storiesbytoni.com\/wp-content\/uploads\/2022\/06\/600px-Logo-Stories-by-Toni-black.png","width":600,"height":78,"caption":"Stories by Toni"},"image":{"@id":"https:\/\/storiesbytoni.com\/#\/schema\/logo\/image\/"}}]}},"_links":{"self":[{"href":"https:\/\/storiesbytoni.com\/de\/wp-json\/wp\/v2\/pages\/62","targetHints":{"allow":["GET"]}}],"collection":[{"href":"https:\/\/storiesbytoni.com\/de\/wp-json\/wp\/v2\/pages"}],"about":[{"href":"https:\/\/storiesbytoni.com\/de\/wp-json\/wp\/v2\/types\/page"}],"author":[{"embeddable":true,"href":"https:\/\/storiesbytoni.com\/de\/wp-json\/wp\/v2\/users\/1"}],"replies":[{"embeddable":true,"href":"https:\/\/storiesbytoni.com\/de\/wp-json\/wp\/v2\/comments?post=62"}],"version-history":[{"count":0,"href":"https:\/\/storiesbytoni.com\/de\/wp-json\/wp\/v2\/pages\/62\/revisions"}],"wp:attachment":[{"href":"https:\/\/storiesbytoni.com\/de\/wp-json\/wp\/v2\/media?parent=62"}],"curies":[{"name":"wp","href":"https:\/\/api.w.org\/{rel}","templated":true}]}}